{"id":1192,"date":"2025-06-18T16:49:22","date_gmt":"2025-06-18T21:49:22","guid":{"rendered":"https:\/\/educaciontrendi.com\/pensionadosenlinea\/?page_id=1192"},"modified":"2025-06-19T15:49:08","modified_gmt":"2025-06-19T20:49:08","slug":"comienza-hoy","status":"publish","type":"page","link":"https:\/\/pensionadosenlinea.com\/?page_id=1192","title":{"rendered":"Comienza hoy"},"content":{"rendered":"\t\t<div data-elementor-type=\"wp-page\" data-elementor-id=\"1192\" class=\"elementor elementor-1192\">\n\t\t\t\t<div class=\"elementor-element elementor-element-055746d e-flex e-con-boxed e-con e-parent\" data-id=\"055746d\" data-element_type=\"container\" data-settings=\"{&quot;background_background&quot;:&quot;classic&quot;}\">\n\t\t\t\t\t<div class=\"e-con-inner\">\n\t\t<div class=\"elementor-element elementor-element-2137723 e-con-full e-flex e-con e-child\" data-id=\"2137723\" data-element_type=\"container\">\n\t\t\t\t<div class=\"elementor-element elementor-element-0cdc565 elementor-widget elementor-widget-heading\" data-id=\"0cdc565\" data-element_type=\"widget\" data-widget_type=\"heading.default\">\n\t\t\t\t<div class=\"elementor-widget-container\">\n\t\t\t\t\t<h2 class=\"elementor-heading-title elementor-size-default\">Comienza hoy<\/h2>\t\t\t\t<\/div>\n\t\t\t\t<\/div>\n\t\t\t\t<\/div>\n\t\t\t\t\t<\/div>\n\t\t\t\t<\/div>\n\t\t<div class=\"elementor-element elementor-element-0feb933 e-flex e-con-boxed e-con e-parent\" data-id=\"0feb933\" data-element_type=\"container\" data-settings=\"{&quot;background_background&quot;:&quot;classic&quot;}\">\n\t\t\t\t\t<div class=\"e-con-inner\">\n\t\t<div class=\"elementor-element elementor-element-69290aa e-con-full e-flex e-con e-child\" data-id=\"69290aa\" data-element_type=\"container\">\n\t\t\t\t<div class=\"elementor-element elementor-element-bbba9db elementor-widget elementor-widget-heading\" data-id=\"bbba9db\" data-element_type=\"widget\" data-widget_type=\"heading.default\">\n\t\t\t\t<div class=\"elementor-widget-container\">\n\t\t\t\t\t<h2 class=\"elementor-heading-title elementor-size-default\">Ser parte de Pensionados en l\u00ednea es muy f\u00e1cil. Solo necesitas dar el primer paso para conectarte con una red de servicios, aprendizajes y nuevas experiencias pensadas para ti.<\/h2>\t\t\t\t<\/div>\n\t\t\t\t<\/div>\n\t\t\t\t<\/div>\n\t\t\t\t\t<\/div>\n\t\t\t\t<\/div>\n\t\t<div class=\"elementor-element elementor-element-87897fe e-con-full e-flex e-con e-parent\" data-id=\"87897fe\" data-element_type=\"container\" data-settings=\"{&quot;background_background&quot;:&quot;classic&quot;}\">\n\t\t<div class=\"elementor-element elementor-element-d1177e5 e-con-full e-flex e-con e-child\" data-id=\"d1177e5\" data-element_type=\"container\" data-settings=\"{&quot;background_background&quot;:&quot;classic&quot;}\">\n\t\t\t\t<div class=\"elementor-element elementor-element-ff3a850 elementor-widget elementor-widget-text-editor\" data-id=\"ff3a850\" data-element_type=\"widget\" data-widget_type=\"text-editor.default\">\n\t\t\t\t<div class=\"elementor-widget-container\">\n\t\t\t\t\t\t\t\t\t<p><strong>Reg\u00edstrate en plataforma <\/strong><\/p>\t\t\t\t\t\t\t\t<\/div>\n\t\t\t\t<\/div>\n\t\t\t\t<div class=\"elementor-element elementor-element-2ca8980 elementor-widget elementor-widget-text-editor\" data-id=\"2ca8980\" data-element_type=\"widget\" data-widget_type=\"text-editor.default\">\n\t\t\t\t<div class=\"elementor-widget-container\">\n\t\t\t\t\t\t\t\t\t<p>Crea tu perfil con unos pocos datos y accede a todos nuestros contenidos.<\/p>\t\t\t\t\t\t\t\t<\/div>\n\t\t\t\t<\/div>\n\t\t\t\t<div class=\"elementor-element elementor-element-f46b904 elementor-widget elementor-widget-image\" data-id=\"f46b904\" data-element_type=\"widget\" data-widget_type=\"image.default\">\n\t\t\t\t<div class=\"elementor-widget-container\">\n\t\t\t\t\t\t\t\t\t\t\t\t\t\t\t<img decoding=\"async\" src=\"https:\/\/pensionadosenlinea.com\/wp-content\/plugins\/elementor\/assets\/images\/placeholder.png\" title=\"\" alt=\"\" loading=\"lazy\" \/>\t\t\t\t\t\t\t\t\t\t\t\t\t\t\t<\/div>\n\t\t\t\t<\/div>\n\t\t\t\t<\/div>\n\t\t<div class=\"elementor-element elementor-element-a179665 e-con-full e-flex e-con e-child\" data-id=\"a179665\" data-element_type=\"container\" data-settings=\"{&quot;background_background&quot;:&quot;classic&quot;}\">\n\t\t\t\t<div class=\"elementor-element elementor-element-9d7c888 elementor-widget elementor-widget-text-editor\" data-id=\"9d7c888\" data-element_type=\"widget\" data-widget_type=\"text-editor.default\">\n\t\t\t\t<div class=\"elementor-widget-container\">\n\t\t\t\t\t\t\t\t\t<p><strong>Explora lo que te interesa<\/strong><\/p>\t\t\t\t\t\t\t\t<\/div>\n\t\t\t\t<\/div>\n\t\t\t\t<div class=\"elementor-element elementor-element-bf65050 elementor-widget elementor-widget-text-editor\" data-id=\"bf65050\" data-element_type=\"widget\" data-widget_type=\"text-editor.default\">\n\t\t\t\t<div class=\"elementor-widget-container\">\n\t\t\t\t\t\t\t\t\t<p>Cursos, actividades, art\u00edculos, encuentros y herramientas para tu bienestar.<\/p>\t\t\t\t\t\t\t\t<\/div>\n\t\t\t\t<\/div>\n\t\t\t\t<div class=\"elementor-element elementor-element-ed5fcb9 elementor-widget elementor-widget-image\" data-id=\"ed5fcb9\" data-element_type=\"widget\" data-widget_type=\"image.default\">\n\t\t\t\t<div class=\"elementor-widget-container\">\n\t\t\t\t\t\t\t\t\t\t\t\t\t\t\t<img decoding=\"async\" src=\"https:\/\/pensionadosenlinea.com\/wp-content\/plugins\/elementor\/assets\/images\/placeholder.png\" title=\"\" alt=\"\" loading=\"lazy\" \/>\t\t\t\t\t\t\t\t\t\t\t\t\t\t\t<\/div>\n\t\t\t\t<\/div>\n\t\t\t\t<\/div>\n\t\t<div class=\"elementor-element elementor-element-669c037 e-con-full e-flex e-con e-child\" data-id=\"669c037\" data-element_type=\"container\" data-settings=\"{&quot;background_background&quot;:&quot;classic&quot;}\">\n\t\t\t\t<div class=\"elementor-element elementor-element-5b5bcd9 elementor-widget elementor-widget-text-editor\" data-id=\"5b5bcd9\" data-element_type=\"widget\" data-widget_type=\"text-editor.default\">\n\t\t\t\t<div class=\"elementor-widget-container\">\n\t\t\t\t\t\t\t\t\t<p><strong>\u00danete a tu comunidad <\/strong><\/p>\t\t\t\t\t\t\t\t<\/div>\n\t\t\t\t<\/div>\n\t\t\t\t<div class=\"elementor-element elementor-element-e6c59fb elementor-widget elementor-widget-text-editor\" data-id=\"e6c59fb\" data-element_type=\"widget\" data-widget_type=\"text-editor.default\">\n\t\t\t\t<div class=\"elementor-widget-container\">\n\t\t\t\t\t\t\t\t\t<p>Conecta con otros pensionados de tu instituci\u00f3n y mant\u00e9n vivos esos lazos.<\/p>\t\t\t\t\t\t\t\t<\/div>\n\t\t\t\t<\/div>\n\t\t\t\t<div class=\"elementor-element elementor-element-653d93b elementor-widget elementor-widget-image\" data-id=\"653d93b\" data-element_type=\"widget\" data-widget_type=\"image.default\">\n\t\t\t\t<div class=\"elementor-widget-container\">\n\t\t\t\t\t\t\t\t\t\t\t\t\t\t\t<img decoding=\"async\" src=\"https:\/\/pensionadosenlinea.com\/wp-content\/plugins\/elementor\/assets\/images\/placeholder.png\" title=\"\" alt=\"\" loading=\"lazy\" \/>\t\t\t\t\t\t\t\t\t\t\t\t\t\t\t<\/div>\n\t\t\t\t<\/div>\n\t\t\t\t<\/div>\n\t\t<div class=\"elementor-element elementor-element-6b8797d e-con-full e-flex e-con e-child\" data-id=\"6b8797d\" data-element_type=\"container\" data-settings=\"{&quot;background_background&quot;:&quot;classic&quot;}\">\n\t\t\t\t<div class=\"elementor-element elementor-element-83babd1 elementor-widget elementor-widget-text-editor\" data-id=\"83babd1\" data-element_type=\"widget\" data-widget_type=\"text-editor.default\">\n\t\t\t\t<div class=\"elementor-widget-container\">\n\t\t\t\t\t\t\t\t\t<p><strong>Participa activamente<\/strong><\/p>\t\t\t\t\t\t\t\t<\/div>\n\t\t\t\t<\/div>\n\t\t\t\t<div class=\"elementor-element elementor-element-d367507 elementor-widget elementor-widget-text-editor\" data-id=\"d367507\" data-element_type=\"widget\" data-widget_type=\"text-editor.default\">\n\t\t\t\t<div class=\"elementor-widget-container\">\n\t\t\t\t\t\t\t\t\t<p>Comenta, comparte, prop\u00f3n ideas y suma tu voz a nuestro p\u00f3dcast <em>As\u00ed lo viv\u00ed<\/em>.<\/p>\t\t\t\t\t\t\t\t<\/div>\n\t\t\t\t<\/div>\n\t\t\t\t<div class=\"elementor-element elementor-element-421d122 elementor-widget elementor-widget-image\" data-id=\"421d122\" data-element_type=\"widget\" data-widget_type=\"image.default\">\n\t\t\t\t<div class=\"elementor-widget-container\">\n\t\t\t\t\t\t\t\t\t\t\t\t\t\t\t<img decoding=\"async\" src=\"https:\/\/pensionadosenlinea.com\/wp-content\/plugins\/elementor\/assets\/images\/placeholder.png\" title=\"\" alt=\"\" loading=\"lazy\" \/>\t\t\t\t\t\t\t\t\t\t\t\t\t\t\t<\/div>\n\t\t\t\t<\/div>\n\t\t\t\t<\/div>\n\t\t\t\t<\/div>\n\t\t<div class=\"elementor-element elementor-element-93cda4b e-flex e-con-boxed e-con e-parent\" data-id=\"93cda4b\" data-element_type=\"container\" data-settings=\"{&quot;background_background&quot;:&quot;classic&quot;}\">\n\t\t\t\t\t<div class=\"e-con-inner\">\n\t\t<div class=\"elementor-element elementor-element-1e7f0a1 e-con-full e-flex e-con e-child\" data-id=\"1e7f0a1\" data-element_type=\"container\">\n\t\t\t\t<div class=\"elementor-element elementor-element-caa5c27 elementor-widget elementor-widget-heading\" data-id=\"caa5c27\" data-element_type=\"widget\" data-widget_type=\"heading.default\">\n\t\t\t\t<div class=\"elementor-widget-container\">\n\t\t\t\t\t<h2 class=\"elementor-heading-title elementor-size-default\"><b>Aqu\u00ed hay un lugar para ti.<\/b>\nComienza hoy y haz parte de una comunidad que valora lo que eres y lo que sabes.\n<\/h2>\t\t\t\t<\/div>\n\t\t\t\t<\/div>\n\t\t\t\t<\/div>\n\t\t\t\t\t<\/div>\n\t\t\t\t<\/div>\n\t\t<div class=\"elementor-element elementor-element-5ccaa76 e-flex e-con-boxed e-con e-parent\" data-id=\"5ccaa76\" data-element_type=\"container\" data-settings=\"{&quot;background_background&quot;:&quot;classic&quot;}\">\n\t\t\t\t\t<div class=\"e-con-inner\">\n\t\t<div class=\"elementor-element elementor-element-21f522f e-con-full e-flex e-con e-child\" data-id=\"21f522f\" data-element_type=\"container\">\n\t\t\t\t<\/div>\n\t\t<div class=\"elementor-element elementor-element-c62bf97 e-con-full e-flex e-con e-child\" data-id=\"c62bf97\" data-element_type=\"container\">\n\t\t\t\t<div class=\"elementor-element elementor-element-73eb992 elementor-widget elementor-widget-heading\" data-id=\"73eb992\" data-element_type=\"widget\" data-widget_type=\"heading.default\">\n\t\t\t\t<div class=\"elementor-widget-container\">\n\t\t\t\t\t<h2 class=\"elementor-heading-title elementor-size-default\">\u00a1Empieza Ahora!<\/h2>\t\t\t\t<\/div>\n\t\t\t\t<\/div>\n\t\t\t\t<div class=\"elementor-element elementor-element-a14f122 elementor-widget elementor-widget-heading\" data-id=\"a14f122\" data-element_type=\"widget\" data-widget_type=\"heading.default\">\n\t\t\t\t<div class=\"elementor-widget-container\">\n\t\t\t\t\t<h2 class=\"elementor-heading-title elementor-size-default\">D\u00e9janos tus datos y recibir\u00e1s m\u00e1s informaci\u00f3n.<\/h2>\t\t\t\t<\/div>\n\t\t\t\t<\/div>\n\t\t\t\t<\/div>\n\t\t<div class=\"elementor-element elementor-element-5d92871 e-con-full e-flex e-con e-child\" data-id=\"5d92871\" data-element_type=\"container\">\n\t\t\t\t<\/div>\n\t\t\t\t\t<\/div>\n\t\t\t\t<\/div>\n\t\t<div class=\"elementor-element elementor-element-74870a6 e-con-full e-flex e-con e-parent\" data-id=\"74870a6\" data-element_type=\"container\" data-settings=\"{&quot;background_background&quot;:&quot;classic&quot;}\">\n\t\t<div class=\"elementor-element elementor-element-2b21045 e-con-full e-flex e-con e-child\" data-id=\"2b21045\" data-element_type=\"container\">\n\t\t\t\t<\/div>\n\t\t<div class=\"elementor-element elementor-element-6bab746 e-con-full e-flex e-con e-child\" data-id=\"6bab746\" data-element_type=\"container\">\n\t\t\t\t<div class=\"elementor-element elementor-element-e17f8f4 elementor-widget elementor-widget-shortcode\" data-id=\"e17f8f4\" data-element_type=\"widget\" data-widget_type=\"shortcode.default\">\n\t\t\t\t<div class=\"elementor-widget-container\">\n\t\t\t\t\t\t\t<div class=\"elementor-shortcode\">\n<div class=\"wpcf7 no-js\" id=\"wpcf7-f996-o1\" lang=\"es-CO\" dir=\"ltr\" data-wpcf7-id=\"996\">\n<div class=\"screen-reader-response\"><p role=\"status\" aria-live=\"polite\" aria-atomic=\"true\"><\/p> <ul><\/ul><\/div>\n<form action=\"\/index.php?rest_route=%2Fwp%2Fv2%2Fpages%2F1192#wpcf7-f996-o1\" method=\"post\" class=\"wpcf7-form init\" aria-label=\"Formulario de contacto\" novalidate=\"novalidate\" data-status=\"init\">\n<div style=\"display: none;\">\n<input type=\"hidden\" name=\"_wpcf7\" value=\"996\" \/>\n<input type=\"hidden\" name=\"_wpcf7_version\" value=\"6.0.6\" \/>\n<input type=\"hidden\" name=\"_wpcf7_locale\" value=\"es_CO\" \/>\n<input type=\"hidden\" name=\"_wpcf7_unit_tag\" value=\"wpcf7-f996-o1\" \/>\n<input type=\"hidden\" name=\"_wpcf7_container_post\" value=\"0\" \/>\n<input type=\"hidden\" name=\"_wpcf7_posted_data_hash\" value=\"\" \/>\n<\/div>\n<style>\n\/* Contenedor principal del formulario *\/\n.wpcf7-form {\n \n padding: 60px 30px 0px 30px;\n border-radius: 10px;\n max-width: 1200px;\n margin: 0 auto;\n display: grid;\n grid-template-columns: repeat(auto-fit, minmax(280px, 1fr));\n gap: 20px;\n \n}\n\n\n\n\/* Estilos para campos de texto *\/\n.wpcf7-form .form-field {\n width: 100%;\n padding: 15px 20px;\n border: 2px solid #e0e4e7;\n border-radius: 8px;\n font-size: 16px;\n color: #666;\n background-color: #fff;\n transition: all 0.3s ease;\n box-sizing: border-box;\n}\n\n.wpcf7-form .form-field:focus {\n outline: none;\n border-color: #007cba;\n box-shadow: 0 0 0 3px rgba(0, 124, 186, 0.1);\n}\n\n.wpcf7-form .form-field::placeholder {\n color: #999;\n font-weight: 400;\n}\n\n\/* Estilos para los selectores *\/\n.wpcf7-form .form-select {\n width: 100%;\n padding: 15px 20px;\n border: 2px solid #e0e4e7;\n border-radius: 8px;\n font-size: 16px;\n color: #666;\n background-color: #fff;\n background-image: url(\"data:image\/svg+xml;charset=UTF-8,%3csvg xmlns='http:\/\/www.w3.org\/2000\/svg' viewBox='0 0 24 24' fill='none' stroke='currentColor' stroke-width='2' stroke-linecap='round' stroke-linejoin='round'%3e%3cpolyline points='6,9 12,15 18,9'%3e%3c\/polyline%3e%3c\/svg%3e\");\n background-repeat: no-repeat;\n background-position: right 15px center;\n background-size: 20px;\n appearance: none;\n -webkit-appearance: none;\n -moz-appearance: none;\n cursor: pointer;\n transition: all 0.3s ease;\n box-sizing: border-box;\n}\n\n.wpcf7-form .form-select:focus {\n outline: none;\n border-color: #007cba;\n box-shadow: 0 0 0 3px rgba(0, 124, 186, 0.1);\n}\n\n\/* Hacer que algunos campos ocupen toda la fila *\/\n.wpcf7-form .form-select {\n grid-column: span 1;\n}\n\n\/* Checkbox de aceptaci\u00f3n *\/\n.wpcf7-form .checkbox-acceptance {\n grid-column: 1 \/ -1;\n display: flex;\n align-items: flex-start;\n gap: 10px;\n margin: 10px 0;\n}\n\n.wpcf7-form .checkbox-acceptance input[type=\"checkbox\"] {\n margin: 0;\n margin-top: 3px;\n transform: scale(1.2);\n cursor: pointer;\n}\n\n.wpcf7-form .checkbox-acceptance .wpcf7-list-item-label {\n color: #666;\n font-size: 14px;\n line-height: 1.4;\n cursor: pointer;\n}\n\n.wpcf7-form .checkbox-acceptance a {\n color: #007cba;\n text-decoration: none;\n}\n\n.wpcf7-form .checkbox-acceptance a:hover {\n text-decoration: underline;\n}\n\n\/* Bot\u00f3n de env\u00edo *\/\n.wpcf7-form .submit-btn {\n grid-column: 1 \/ -1;\n background: linear-gradient(135deg, #ff8c42, #ff6b35);\n color: white;\n border: none;\n padding: 18px 40px;\n border-radius: 8px;\n font-size: 18px;\n font-weight: 600;\n cursor: pointer;\n transition: all 0.3s ease;\n text-transform: none;\n justify-self: end;\n min-width: 200px;\n position: relative;\n overflow: hidden;\n}\n\n.wpcf7-form .submit-btn:hover {\n background: linear-gradient(135deg, #ff7a28, #ff5722);\n transform: translateY(-2px);\n box-shadow: 0 5px 15px rgba(255, 107, 53, 0.4);\n}\n\n.wpcf7-form .submit-btn:active {\n transform: translateY(0);\n}\n\n\/* Flecha en el bot\u00f3n *\/\n.wpcf7-form .submit-btn::after {\n content: \"\u2192\";\n margin-left: 8px;\n font-size: 20px;\n transition: transform 0.3s ease;\n}\n\n.wpcf7-form .submit-btn:hover::after {\n transform: translateX(3px);\n}\n\n\/* Mensajes de validaci\u00f3n *\/\n.wpcf7-form .wpcf7-not-valid-tip {\n color: #dc3545;\n font-size: 14px;\n margin-top: 5px;\n}\n\n.wpcf7-form .wpcf7-validation-errors {\n background-color: #f8d7da;\n color: #721c24;\n border: 1px solid #f5c6cb;\n border-radius: 5px;\n padding: 10px;\n margin: 10px 0;\n}\n\n.wpcf7-form .wpcf7-mail-sent-ok {\n background-color: #d4edda;\n color: #155724;\n border: 1px solid #c3e6cb;\n border-radius: 5px;\n padding: 10px;\n margin: 10px 0;\n}\n\n\/* Responsive *\/\n@media (max-width: 768px) {\n .wpcf7-form {\n grid-template-columns: 1fr;\n padding: 20px;\n gap: 15px;\n }\n \n .wpcf7-form .submit-btn {\n justify-self: stretch;\n width: 100%;\n }\n}\n\n@media (max-width: 480px) {\n .wpcf7-form {\n padding: 15px;\n }\n \n .wpcf7-form .form-field,\n .wpcf7-form .form-select {\n padding: 12px 15px;\n font-size: 14px;\n }\n \n .wpcf7-form .submit-btn {\n padding: 15px 30px;\n font-size: 16px;\n }\n}\n<\/style>\n<div class=\"form-row\">\n\t<p><span class=\"wpcf7-form-control-wrap\" data-name=\"nombre\"><input size=\"40\" maxlength=\"400\" class=\"wpcf7-form-control wpcf7-text wpcf7-validates-as-required\" aria-required=\"true\" aria-invalid=\"false\" placeholder=\"*Nombre\" value=\"\" type=\"text\" name=\"nombre\" \/><\/span><br \/>\n<span class=\"wpcf7-form-control-wrap\" data-name=\"email\"><input size=\"40\" maxlength=\"400\" class=\"wpcf7-form-control wpcf7-email wpcf7-validates-as-required wpcf7-text wpcf7-validates-as-email\" aria-required=\"true\" aria-invalid=\"false\" placeholder=\"*Email\" value=\"\" type=\"email\" name=\"email\" \/><\/span><br \/>\n<span class=\"wpcf7-form-control-wrap\" data-name=\"acepto_politicas\"><span class=\"wpcf7-form-control wpcf7-acceptance\"><span class=\"wpcf7-list-item\"><label><input type=\"checkbox\" name=\"acepto_politicas\" value=\"1\" aria-invalid=\"false\" \/><span class=\"wpcf7-list-item-label\">Acepto las Pol\u00edticas y tratamiento de datos<\/span><\/label><\/span><\/span><\/span>\n\t<\/p>\n<\/div>\n<div class=\"form-row\">\n\t<p><span class=\"wpcf7-form-control-wrap\" data-name=\"apellido\"><input size=\"40\" maxlength=\"400\" class=\"wpcf7-form-control wpcf7-text wpcf7-validates-as-required\" aria-required=\"true\" aria-invalid=\"false\" placeholder=\"*Apellido\" value=\"\" type=\"text\" name=\"apellido\" \/><\/span><br \/>\n<span class=\"wpcf7-form-control-wrap\" data-name=\"nivel_formacion\"><select class=\"wpcf7-form-control wpcf7-select wpcf7-validates-as-required\" aria-required=\"true\" aria-invalid=\"false\" name=\"nivel_formacion\"><option value=\"*Nivel de formaci\u00f3n\">*Nivel de formaci\u00f3n<\/option><option value=\"T\u00e9cnico\">T\u00e9cnico<\/option><option value=\"Tecnol\u00f3gico\">Tecnol\u00f3gico<\/option><option value=\"Profesional\">Profesional<\/option><option value=\"Especializaci\u00f3n\">Especializaci\u00f3n<\/option><option value=\"Maestr\u00eda\">Maestr\u00eda<\/option><option value=\"Doctorado\">Doctorado<\/option><\/select><\/span>\n\t<\/p>\n<\/div>\n<div class=\"form-row\">\n\t<p><span class=\"wpcf7-form-control-wrap\" data-name=\"celular\"><input size=\"40\" maxlength=\"400\" class=\"wpcf7-form-control wpcf7-tel wpcf7-validates-as-required wpcf7-text wpcf7-validates-as-tel\" aria-required=\"true\" aria-invalid=\"false\" placeholder=\"*Celular\" value=\"\" type=\"tel\" name=\"celular\" \/><\/span>\n\t<\/p>\n\t<p><span class=\"wpcf7-form-control-wrap\" data-name=\"inicio_estudios\"><select class=\"wpcf7-form-control wpcf7-select wpcf7-validates-as-required\" aria-required=\"true\" aria-invalid=\"false\" name=\"inicio_estudios\"><option value=\"*\u00bfIntereses?\">*\u00bfIntereses?<\/option><option value=\"Programas de Aprendizaje\">Programas de Aprendizaje<\/option><option value=\"Crear un Progra de Aprendizaje\">Crear un Progra de Aprendizaje<\/option><option value=\"Pertenecer a la Comunidad\">Pertenecer a la Comunidad<\/option><\/select><\/span><br \/>\n<input class=\"wpcf7-form-control wpcf7-submit has-spinner\" type=\"submit\" value=\"Reg\u00edstrate \u2192\" \/>\n\t<\/p>\n<\/div><div class=\"wpcf7-response-output\" aria-hidden=\"true\"><\/div>\n<\/form>\n<\/div>\n<\/div>\n\t\t\t\t\t\t<\/div>\n\t\t\t\t<\/div>\n\t\t\t\t<\/div>\n\t\t<div class=\"elementor-element elementor-element-2bb39b4 e-con-full e-flex e-con e-child\" data-id=\"2bb39b4\" data-element_type=\"container\">\n\t\t\t\t<\/div>\n\t\t\t\t<\/div>\n\t\t\t\t<\/div>\n\t\t","protected":false},"excerpt":{"rendered":"<p>Comienza hoy Ser parte de Pensionados en l\u00ednea es muy f\u00e1cil. Solo necesitas dar el primer paso para conectarte con [&hellip;]<\/p>\n","protected":false},"author":1,"featured_media":0,"parent":0,"menu_order":0,"comment_status":"closed","ping_status":"closed","template":"","meta":{"site-sidebar-layout":"no-sidebar","site-content-layout":"","ast-site-content-layout":"full-width-container","site-content-style":"default","site-sidebar-style":"default","ast-global-header-display":"","ast-banner-title-visibility":"","ast-main-header-display":"","ast-hfb-above-header-display":"","ast-hfb-below-header-display":"","ast-hfb-mobile-header-display":"","site-post-title":"disabled","ast-breadcrumbs-content":"","ast-featured-img":"disabled","footer-sml-layout":"","theme-transparent-header-meta":"","adv-header-id-meta":"","stick-header-meta":"","header-above-stick-meta":"","header-main-stick-meta":"","header-below-stick-meta":"","astra-migrate-meta-layouts":"default","ast-page-background-enabled":"default","ast-page-background-meta":{"desktop":{"background-color":"var(--ast-global-color-5)","background-image":"","background-repeat":"repeat","background-position":"center center","background-size":"auto","background-attachment":"scroll","background-type":"","background-media":"","overlay-type":"","overlay-color":"","overlay-opacity":"","overlay-gradient":""},"tablet":{"background-color":"","background-image":"","background-repeat":"repeat","background-position":"center center","background-size":"auto","background-attachment":"scroll","background-type":"","background-media":"","overlay-type":"","overlay-color":"","overlay-opacity":"","overlay-gradient":""},"mobile":{"background-color":"","background-image":"","background-repeat":"repeat","background-position":"center center","background-size":"auto","background-attachment":"scroll","background-type":"","background-media":"","overlay-type":"","overlay-color":"","overlay-opacity":"","overlay-gradient":""}},"ast-content-background-meta":{"desktop":{"background-color":"var(--ast-global-color-4)","background-image":"","background-repeat":"repeat","background-position":"center center","background-size":"auto","background-attachment":"scroll","background-type":"","background-media":"","overlay-type":"","overlay-color":"","overlay-opacity":"","overlay-gradient":""},"tablet":{"background-color":"var(--ast-global-color-4)","background-image":"","background-repeat":"repeat","background-position":"center center","background-size":"auto","background-attachment":"scroll","background-type":"","background-media":"","overlay-type":"","overlay-color":"","overlay-opacity":"","overlay-gradient":""},"mobile":{"background-color":"var(--ast-global-color-4)","background-image":"","background-repeat":"repeat","background-position":"center center","background-size":"auto","background-attachment":"scroll","background-type":"","background-media":"","overlay-type":"","overlay-color":"","overlay-opacity":"","overlay-gradient":""}},"footnotes":""},"class_list":["post-1192","page","type-page","status-publish","hentry"],"_links":{"self":[{"href":"https:\/\/pensionadosenlinea.com\/index.php?rest_route=\/wp\/v2\/pages\/1192","targetHints":{"allow":["GET"]}}],"collection":[{"href":"https:\/\/pensionadosenlinea.com\/index.php?rest_route=\/wp\/v2\/pages"}],"about":[{"href":"https:\/\/pensionadosenlinea.com\/index.php?rest_route=\/wp\/v2\/types\/page"}],"author":[{"embeddable":true,"href":"https:\/\/pensionadosenlinea.com\/index.php?rest_route=\/wp\/v2\/users\/1"}],"replies":[{"embeddable":true,"href":"https:\/\/pensionadosenlinea.com\/index.php?rest_route=%2Fwp%2Fv2%2Fcomments&post=1192"}],"version-history":[{"count":67,"href":"https:\/\/pensionadosenlinea.com\/index.php?rest_route=\/wp\/v2\/pages\/1192\/revisions"}],"predecessor-version":[{"id":1661,"href":"https:\/\/pensionadosenlinea.com\/index.php?rest_route=\/wp\/v2\/pages\/1192\/revisions\/1661"}],"wp:attachment":[{"href":"https:\/\/pensionadosenlinea.com\/index.php?rest_route=%2Fwp%2Fv2%2Fmedia&parent=1192"}],"curies":[{"name":"wp","href":"https:\/\/api.w.org\/{rel}","templated":true}]}}