{"id":1186,"date":"2025-06-18T16:48:38","date_gmt":"2025-06-18T21:48:38","guid":{"rendered":"https:\/\/educaciontrendi.com\/pensionadosenlinea\/?page_id=1186"},"modified":"2025-06-19T15:47:19","modified_gmt":"2025-06-19T20:47:19","slug":"historia-y-equipo","status":"publish","type":"page","link":"https:\/\/pensionadosenlinea.com\/?page_id=1186","title":{"rendered":"Historia y equipo"},"content":{"rendered":"\t\t<div data-elementor-type=\"wp-page\" data-elementor-id=\"1186\" class=\"elementor elementor-1186\">\n\t\t\t\t<div class=\"elementor-element elementor-element-ca43867 e-flex e-con-boxed e-con e-parent\" data-id=\"ca43867\" data-element_type=\"container\">\n\t\t\t\t\t<div class=\"e-con-inner\">\n\t\t<div class=\"elementor-element elementor-element-0b2eb86 e-con-full e-flex e-con e-child\" data-id=\"0b2eb86\" data-element_type=\"container\">\n\t\t\t\t<\/div>\n\t\t<div class=\"elementor-element elementor-element-0bb5279 e-con-full e-flex e-con e-child\" data-id=\"0bb5279\" data-element_type=\"container\">\n\t\t\t\t<div class=\"elementor-element elementor-element-cb41a9c elementor-widget elementor-widget-heading\" data-id=\"cb41a9c\" data-element_type=\"widget\" data-widget_type=\"heading.default\">\n\t\t\t\t<div class=\"elementor-widget-container\">\n\t\t\t\t\t<h2 class=\"elementor-heading-title elementor-size-default\">Nuestra historia<\/h2>\t\t\t\t<\/div>\n\t\t\t\t<\/div>\n\t\t\t\t<div class=\"elementor-element elementor-element-b3ea35c elementor-widget elementor-widget-heading\" data-id=\"b3ea35c\" data-element_type=\"widget\" data-widget_type=\"heading.default\">\n\t\t\t\t<div class=\"elementor-widget-container\">\n\t\t\t\t\t<h2 class=\"elementor-heading-title elementor-size-default\">Pensionados en l\u00ednea naci\u00f3 con una idea sencilla pero poderosa: acompa\u00f1ar a quienes han cerrado su ciclo laboral y abrirles un mundo de nuevas posibilidades.\nEn un momento en el que muchas personas se desconectan de sus entornos profesionales, quisimos crear un espacio donde la experiencia no se apague, sino que se transforme en conocimiento compartido, v\u00ednculos significativos y nuevos comienzos.<br><br>\nInspirados por las historias de cientos de pensionados que a\u00fan tienen mucho que aportar, creamos esta red digital para que aprendan, ense\u00f1en, emprendan, se reencuentren con sus comunidades y, sobre todo, se mantengan activos y visibles.\n<\/h2>\t\t\t\t<\/div>\n\t\t\t\t<\/div>\n\t\t\t\t<\/div>\n\t\t<div class=\"elementor-element elementor-element-6d46a8d e-con-full e-flex e-con e-child\" data-id=\"6d46a8d\" data-element_type=\"container\">\n\t\t\t\t<div class=\"elementor-element elementor-element-8d26475 elementor-widget elementor-widget-image\" data-id=\"8d26475\" data-element_type=\"widget\" data-widget_type=\"image.default\">\n\t\t\t\t<div class=\"elementor-widget-container\">\n\t\t\t\t\t\t\t\t\t\t\t\t\t\t\t<img decoding=\"async\" src=\"https:\/\/pensionadosenlinea.com\/wp-content\/plugins\/elementor\/assets\/images\/placeholder.png\" title=\"\" alt=\"\" loading=\"lazy\" \/>\t\t\t\t\t\t\t\t\t\t\t\t\t\t\t<\/div>\n\t\t\t\t<\/div>\n\t\t\t\t<\/div>\n\t\t<div class=\"elementor-element elementor-element-4503ac4 e-con-full e-flex e-con e-child\" data-id=\"4503ac4\" data-element_type=\"container\">\n\t\t\t\t<\/div>\n\t\t\t\t\t<\/div>\n\t\t\t\t<\/div>\n\t\t<div class=\"elementor-element elementor-element-8c70094 e-flex e-con-boxed e-con e-parent\" data-id=\"8c70094\" data-element_type=\"container\" data-settings=\"{&quot;background_background&quot;:&quot;classic&quot;}\">\n\t\t\t\t\t<div class=\"e-con-inner\">\n\t\t<div class=\"elementor-element elementor-element-cf4ca0c e-con-full e-flex e-con e-child\" data-id=\"cf4ca0c\" data-element_type=\"container\">\n\t\t\t\t<\/div>\n\t\t<div class=\"elementor-element elementor-element-a7ed8bc e-con-full e-flex e-con e-child\" data-id=\"a7ed8bc\" data-element_type=\"container\">\n\t\t\t\t<div class=\"elementor-element elementor-element-08dab08 elementor-widget elementor-widget-image\" data-id=\"08dab08\" data-element_type=\"widget\" data-widget_type=\"image.default\">\n\t\t\t\t<div class=\"elementor-widget-container\">\n\t\t\t\t\t\t\t\t\t\t\t\t\t\t\t<img decoding=\"async\" src=\"https:\/\/pensionadosenlinea.com\/wp-content\/plugins\/elementor\/assets\/images\/placeholder.png\" title=\"\" alt=\"\" loading=\"lazy\" \/>\t\t\t\t\t\t\t\t\t\t\t\t\t\t\t<\/div>\n\t\t\t\t<\/div>\n\t\t\t\t<\/div>\n\t\t<div class=\"elementor-element elementor-element-e63ce2b e-con-full e-flex e-con e-child\" data-id=\"e63ce2b\" data-element_type=\"container\">\n\t\t\t\t<div class=\"elementor-element elementor-element-623b521 elementor-widget elementor-widget-heading\" data-id=\"623b521\" data-element_type=\"widget\" data-widget_type=\"heading.default\">\n\t\t\t\t<div class=\"elementor-widget-container\">\n\t\t\t\t\t<h2 class=\"elementor-heading-title elementor-size-default\">Nuestro equipo<\/h2>\t\t\t\t<\/div>\n\t\t\t\t<\/div>\n\t\t\t\t<div class=\"elementor-element elementor-element-d880543 elementor-widget elementor-widget-heading\" data-id=\"d880543\" data-element_type=\"widget\" data-widget_type=\"heading.default\">\n\t\t\t\t<div class=\"elementor-widget-container\">\n\t\t\t\t\t<h2 class=\"elementor-heading-title elementor-size-default\">Somos un grupo interdisciplinario de profesionales del mundo educativo, digital y social, convencidos de que el retiro no es el final, sino el inicio de una nueva etapa llena de valor.\nTrabajamos con cari\u00f1o, creatividad y compromiso para ofrecer una plataforma \u00fatil, accesible e inspiradora, construida de la mano de las propias personas pensionadas.<br><br>\n<p><b>Nos unen tres convicciones:<\/b><\/p><ul style=\"margin-top:0cm\" type=\"disc\"><li>La experiencia merece ser escuchada.<\/li><li>Toda etapa de la vida tiene derecho a oportunidades.<\/li><li>La tecnolog\u00eda puede acercar, nunca aislar.<\/li>\n<\/ul>\n\n\n<\/h2>\t\t\t\t<\/div>\n\t\t\t\t<\/div>\n\t\t\t\t<\/div>\n\t\t<div class=\"elementor-element elementor-element-1c45da4 e-con-full e-flex e-con e-child\" data-id=\"1c45da4\" data-element_type=\"container\">\n\t\t\t\t<\/div>\n\t\t\t\t\t<\/div>\n\t\t\t\t<\/div>\n\t\t<div class=\"elementor-element elementor-element-44376f9 e-flex e-con-boxed e-con e-parent\" data-id=\"44376f9\" data-element_type=\"container\">\n\t\t\t\t\t<div class=\"e-con-inner\">\n\t\t\t\t\t<\/div>\n\t\t\t\t<\/div>\n\t\t<div class=\"elementor-element elementor-element-dec4d5c e-flex e-con-boxed e-con e-parent\" data-id=\"dec4d5c\" data-element_type=\"container\">\n\t\t\t\t\t<div class=\"e-con-inner\">\n\t\t\t\t\t<\/div>\n\t\t\t\t<\/div>\n\t\t\t\t<\/div>\n\t\t","protected":false},"excerpt":{"rendered":"<p>Nuestra historia Pensionados en l\u00ednea naci\u00f3 con una idea sencilla pero poderosa: acompa\u00f1ar a quienes han cerrado su ciclo laboral [&hellip;]<\/p>\n","protected":false},"author":1,"featured_media":0,"parent":0,"menu_order":0,"comment_status":"closed","ping_status":"closed","template":"","meta":{"site-sidebar-layout":"no-sidebar","site-content-layout":"","ast-site-content-layout":"full-width-container","site-content-style":"default","site-sidebar-style":"default","ast-global-header-display":"","ast-banner-title-visibility":"","ast-main-header-display":"","ast-hfb-above-header-display":"","ast-hfb-below-header-display":"","ast-hfb-mobile-header-display":"","site-post-title":"disabled","ast-breadcrumbs-content":"","ast-featured-img":"disabled","footer-sml-layout":"","theme-transparent-header-meta":"","adv-header-id-meta":"","stick-header-meta":"","header-above-stick-meta":"","header-main-stick-meta":"","header-below-stick-meta":"","astra-migrate-meta-layouts":"default","ast-page-background-enabled":"default","ast-page-background-meta":{"desktop":{"background-color":"var(--ast-global-color-5)","background-image":"","background-repeat":"repeat","background-position":"center center","background-size":"auto","background-attachment":"scroll","background-type":"","background-media":"","overlay-type":"","overlay-color":"","overlay-opacity":"","overlay-gradient":""},"tablet":{"background-color":"","background-image":"","background-repeat":"repeat","background-position":"center center","background-size":"auto","background-attachment":"scroll","background-type":"","background-media":"","overlay-type":"","overlay-color":"","overlay-opacity":"","overlay-gradient":""},"mobile":{"background-color":"","background-image":"","background-repeat":"repeat","background-position":"center center","background-size":"auto","background-attachment":"scroll","background-type":"","background-media":"","overlay-type":"","overlay-color":"","overlay-opacity":"","overlay-gradient":""}},"ast-content-background-meta":{"desktop":{"background-color":"var(--ast-global-color-4)","background-image":"","background-repeat":"repeat","background-position":"center center","background-size":"auto","background-attachment":"scroll","background-type":"","background-media":"","overlay-type":"","overlay-color":"","overlay-opacity":"","overlay-gradient":""},"tablet":{"background-color":"var(--ast-global-color-4)","background-image":"","background-repeat":"repeat","background-position":"center center","background-size":"auto","background-attachment":"scroll","background-type":"","background-media":"","overlay-type":"","overlay-color":"","overlay-opacity":"","overlay-gradient":""},"mobile":{"background-color":"var(--ast-global-color-4)","background-image":"","background-repeat":"repeat","background-position":"center center","background-size":"auto","background-attachment":"scroll","background-type":"","background-media":"","overlay-type":"","overlay-color":"","overlay-opacity":"","overlay-gradient":""}},"footnotes":""},"class_list":["post-1186","page","type-page","status-publish","hentry"],"_links":{"self":[{"href":"https:\/\/pensionadosenlinea.com\/index.php?rest_route=\/wp\/v2\/pages\/1186","targetHints":{"allow":["GET"]}}],"collection":[{"href":"https:\/\/pensionadosenlinea.com\/index.php?rest_route=\/wp\/v2\/pages"}],"about":[{"href":"https:\/\/pensionadosenlinea.com\/index.php?rest_route=\/wp\/v2\/types\/page"}],"author":[{"embeddable":true,"href":"https:\/\/pensionadosenlinea.com\/index.php?rest_route=\/wp\/v2\/users\/1"}],"replies":[{"embeddable":true,"href":"https:\/\/pensionadosenlinea.com\/index.php?rest_route=%2Fwp%2Fv2%2Fcomments&post=1186"}],"version-history":[{"count":70,"href":"https:\/\/pensionadosenlinea.com\/index.php?rest_route=\/wp\/v2\/pages\/1186\/revisions"}],"predecessor-version":[{"id":1658,"href":"https:\/\/pensionadosenlinea.com\/index.php?rest_route=\/wp\/v2\/pages\/1186\/revisions\/1658"}],"wp:attachment":[{"href":"https:\/\/pensionadosenlinea.com\/index.php?rest_route=%2Fwp%2Fv2%2Fmedia&parent=1186"}],"curies":[{"name":"wp","href":"https:\/\/api.w.org\/{rel}","templated":true}]}}