{"id":1182,"date":"2025-06-18T16:44:59","date_gmt":"2025-06-18T21:44:59","guid":{"rendered":"https:\/\/educaciontrendi.com\/pensionadosenlinea\/?page_id=1182"},"modified":"2025-07-02T12:23:20","modified_gmt":"2025-07-02T17:23:20","slug":"nuestra-mision","status":"publish","type":"page","link":"https:\/\/pensionadosenlinea.com\/?page_id=1182","title":{"rendered":"Misi\u00f3n, visi\u00f3n y valores"},"content":{"rendered":"\t\t<div data-elementor-type=\"wp-page\" data-elementor-id=\"1182\" class=\"elementor elementor-1182\">\n\t\t\t\t<div class=\"elementor-element elementor-element-0885c37 e-con-full e-flex e-con e-parent\" data-id=\"0885c37\" data-element_type=\"container\">\n\t\t<div class=\"elementor-element elementor-element-049ef80 e-con-full e-flex e-con e-child\" data-id=\"049ef80\" data-element_type=\"container\">\n\t\t\t\t<\/div>\n\t\t<div class=\"elementor-element elementor-element-1695136 e-con-full e-flex e-con e-child\" data-id=\"1695136\" data-element_type=\"container\">\n\t\t\t\t<div class=\"elementor-element elementor-element-8f59034 elementor-widget elementor-widget-image\" data-id=\"8f59034\" data-element_type=\"widget\" data-widget_type=\"image.default\">\n\t\t\t\t<div class=\"elementor-widget-container\">\n\t\t\t\t\t\t\t\t\t\t\t\t\t\t\t<img fetchpriority=\"high\" decoding=\"async\" width=\"390\" height=\"485\" src=\"https:\/\/pensionadosenlinea.com\/wp-content\/uploads\/2025\/06\/img3.png\" class=\"attachment-large size-large wp-image-1293\" alt=\"\" srcset=\"https:\/\/pensionadosenlinea.com\/wp-content\/uploads\/2025\/06\/img3.png 390w, https:\/\/pensionadosenlinea.com\/wp-content\/uploads\/2025\/06\/img3-241x300.png 241w\" sizes=\"(max-width: 390px) 100vw, 390px\" \/>\t\t\t\t\t\t\t\t\t\t\t\t\t\t\t<\/div>\n\t\t\t\t<\/div>\n\t\t\t\t<\/div>\n\t\t<div class=\"elementor-element elementor-element-352dc70 e-con-full e-flex e-con e-child\" data-id=\"352dc70\" data-element_type=\"container\">\n\t\t\t\t<div class=\"elementor-element elementor-element-d27a27e elementor-widget elementor-widget-heading\" data-id=\"d27a27e\" data-element_type=\"widget\" data-widget_type=\"heading.default\">\n\t\t\t\t<div class=\"elementor-widget-container\">\n\t\t\t\t\t<h2 class=\"elementor-heading-title elementor-size-default\">Nuestra misi\u00f3n<\/h2>\t\t\t\t<\/div>\n\t\t\t\t<\/div>\n\t\t\t\t<div class=\"elementor-element elementor-element-d9bf352 elementor-widget elementor-widget-heading\" data-id=\"d9bf352\" data-element_type=\"widget\" data-widget_type=\"heading.default\">\n\t\t\t\t<div class=\"elementor-widget-container\">\n\t\t\t\t\t<h2 class=\"elementor-heading-title elementor-size-default\">Pensionados en l\u00ednea es un espacio de encuentro digital dise\u00f1ado para acompa\u00f1ar y servir a los adultos mayores, en proceso o en estado de retiro de la actividad laboral. \n<br><br>\n\nComo comunidad virtual, valoramos la experiencia, estamos convencidos de que el aprendizaje no se detiene y las conexiones humanas marcan la diferencia. Creamos oportunidades para mantenerse activos, explorar nuevos intereses, compartir saberes y fortalecer v\u00ednculos con quienes tambi\u00e9n quieren vivir esta etapa con prop\u00f3sito y vitalidad. Nuestra comunidad ofrece acceso a cursos, actividades, contenidos culturales y herramientas para el bienestar integral.\n<br><br>\n\nNuestro prop\u00f3sito es claro: crear comunidad, promover el desarrollo personal y ofrecer alternativas \u00fatiles, entretenidas y significativas para quienes hoy disfrutan una etapa de la vida muy valiosa.\n\n<br><br>\nAcompa\u00f1amos, servimos y proporcionamos bienestar.\n\n<\/h2>\t\t\t\t<\/div>\n\t\t\t\t<\/div>\n\t\t\t\t<\/div>\n\t\t<div class=\"elementor-element elementor-element-b16e8d2 e-con-full e-flex e-con e-child\" data-id=\"b16e8d2\" data-element_type=\"container\">\n\t\t\t\t<\/div>\n\t\t\t\t<\/div>\n\t\t<div class=\"elementor-element elementor-element-abd49da e-con-full e-flex e-con e-parent\" data-id=\"abd49da\" data-element_type=\"container\" data-settings=\"{&quot;background_background&quot;:&quot;classic&quot;}\">\n\t\t<div class=\"elementor-element elementor-element-2aaf0f1 e-con-full e-flex e-con e-child\" data-id=\"2aaf0f1\" data-element_type=\"container\">\n\t\t\t\t<\/div>\n\t\t<div class=\"elementor-element elementor-element-14846b2 e-con-full e-flex e-con e-child\" data-id=\"14846b2\" data-element_type=\"container\">\n\t\t\t\t<div class=\"elementor-element elementor-element-6cf2ea9 elementor-widget__width-initial elementor-widget elementor-widget-heading\" data-id=\"6cf2ea9\" data-element_type=\"widget\" data-widget_type=\"heading.default\">\n\t\t\t\t<div class=\"elementor-widget-container\">\n\t\t\t\t\t<h2 class=\"elementor-heading-title elementor-size-default\">Visi\u00f3n<\/h2>\t\t\t\t<\/div>\n\t\t\t\t<\/div>\n\t\t\t\t<div class=\"elementor-element elementor-element-a49273f elementor-widget elementor-widget-heading\" data-id=\"a49273f\" data-element_type=\"widget\" data-widget_type=\"heading.default\">\n\t\t\t\t<div class=\"elementor-widget-container\">\n\t\t\t\t\t<h2 class=\"elementor-heading-title elementor-size-default\">Ser la comunidad digital m\u00e1s completa y amigable para el adulto mayor, donde la experiencia se transforma en aprendizaje, bienestar y conexi\u00f3n.<br><br>\n\nReconocidos a nivel mundial como el espacio vivo, diverso y significativo, en el que cada persona encuentre oportunidades para alcanzar la excelencia buscada.\n<\/h2>\t\t\t\t<\/div>\n\t\t\t\t<\/div>\n\t\t\t\t<\/div>\n\t\t<div class=\"elementor-element elementor-element-3369141 e-con-full e-flex e-con e-child\" data-id=\"3369141\" data-element_type=\"container\">\n\t\t\t\t<div class=\"elementor-element elementor-element-670e7b1 elementor-widget elementor-widget-image\" data-id=\"670e7b1\" data-element_type=\"widget\" data-widget_type=\"image.default\">\n\t\t\t\t<div class=\"elementor-widget-container\">\n\t\t\t\t\t\t\t\t\t\t\t\t\t\t\t<img decoding=\"async\" width=\"601\" height=\"685\" src=\"https:\/\/pensionadosenlinea.com\/wp-content\/uploads\/2025\/06\/img4-e1751476638227.png\" class=\"attachment-large size-large wp-image-1297\" alt=\"\" srcset=\"https:\/\/pensionadosenlinea.com\/wp-content\/uploads\/2025\/06\/img4-e1751476638227.png 601w, https:\/\/pensionadosenlinea.com\/wp-content\/uploads\/2025\/06\/img4-e1751476638227-263x300.png 263w\" sizes=\"(max-width: 601px) 100vw, 601px\" \/>\t\t\t\t\t\t\t\t\t\t\t\t\t\t\t<\/div>\n\t\t\t\t<\/div>\n\t\t\t\t<\/div>\n\t\t<div class=\"elementor-element elementor-element-1dddc9a e-con-full e-flex e-con e-child\" data-id=\"1dddc9a\" data-element_type=\"container\">\n\t\t\t\t<\/div>\n\t\t\t\t<\/div>\n\t\t<div class=\"elementor-element elementor-element-4a0578a e-flex e-con-boxed e-con e-parent\" data-id=\"4a0578a\" data-element_type=\"container\">\n\t\t\t\t\t<div class=\"e-con-inner\">\n\t\t<div class=\"elementor-element elementor-element-78469a9 e-con-full e-flex e-con e-child\" data-id=\"78469a9\" data-element_type=\"container\">\n\t\t\t\t<\/div>\n\t\t<div class=\"elementor-element elementor-element-cac7463 e-con-full e-flex e-con e-child\" data-id=\"cac7463\" data-element_type=\"container\">\n\t\t\t\t<div class=\"elementor-element elementor-element-a09d0f8 elementor-widget elementor-widget-heading\" data-id=\"a09d0f8\" data-element_type=\"widget\" data-widget_type=\"heading.default\">\n\t\t\t\t<div class=\"elementor-widget-container\">\n\t\t\t\t\t<h2 class=\"elementor-heading-title elementor-size-default\">Valores<\/h2>\t\t\t\t<\/div>\n\t\t\t\t<\/div>\n\t\t\t\t<\/div>\n\t\t<div class=\"elementor-element elementor-element-863722b e-con-full e-flex e-con e-child\" data-id=\"863722b\" data-element_type=\"container\">\n\t\t\t\t<\/div>\n\t\t\t\t\t<\/div>\n\t\t\t\t<\/div>\n\t\t<div class=\"elementor-element elementor-element-fa3842b e-flex e-con-boxed e-con e-parent\" data-id=\"fa3842b\" data-element_type=\"container\">\n\t\t\t\t\t<div class=\"e-con-inner\">\n\t\t<div class=\"elementor-element elementor-element-10cec92 e-con-full e-flex e-con e-child\" data-id=\"10cec92\" data-element_type=\"container\">\n\t\t\t\t<\/div>\n\t\t<div class=\"elementor-element elementor-element-fb8bb62 e-con-full e-flex e-con e-child\" data-id=\"fb8bb62\" data-element_type=\"container\">\n\t\t\t\t<div class=\"elementor-element elementor-element-940aa95 elementor-widget elementor-widget-image\" data-id=\"940aa95\" data-element_type=\"widget\" data-widget_type=\"image.default\">\n\t\t\t\t<div class=\"elementor-widget-container\">\n\t\t\t\t\t\t\t\t\t\t\t\t\t\t\t<img decoding=\"async\" width=\"194\" height=\"196\" src=\"https:\/\/pensionadosenlinea.com\/wp-content\/uploads\/2025\/06\/reconocimiento.png\" class=\"attachment-large size-large wp-image-1276\" alt=\"\" \/>\t\t\t\t\t\t\t\t\t\t\t\t\t\t\t<\/div>\n\t\t\t\t<\/div>\n\t\t\t\t<div class=\"elementor-element elementor-element-7ad0d1e elementor-widget elementor-widget-heading\" data-id=\"7ad0d1e\" data-element_type=\"widget\" data-widget_type=\"heading.default\">\n\t\t\t\t<div class=\"elementor-widget-container\">\n\t\t\t\t\t<h2 class=\"elementor-heading-title elementor-size-default\">Reconocimiento<\/h2>\t\t\t\t<\/div>\n\t\t\t\t<\/div>\n\t\t\t\t<div class=\"elementor-element elementor-element-e9ed749 elementor-widget elementor-widget-heading\" data-id=\"e9ed749\" data-element_type=\"widget\" data-widget_type=\"heading.default\">\n\t\t\t\t<div class=\"elementor-widget-container\">\n\t\t\t\t\t<h2 class=\"elementor-heading-title elementor-size-default\">Valoramos la trayectoria de vida y el conocimiento acumulado como pilares para construir comunidad.<\/h2>\t\t\t\t<\/div>\n\t\t\t\t<\/div>\n\t\t\t\t<\/div>\n\t\t<div class=\"elementor-element elementor-element-66597d1 e-con-full e-flex e-con e-child\" data-id=\"66597d1\" data-element_type=\"container\">\n\t\t\t\t<div class=\"elementor-element elementor-element-b6e279d elementor-widget elementor-widget-image\" data-id=\"b6e279d\" data-element_type=\"widget\" data-widget_type=\"image.default\">\n\t\t\t\t<div class=\"elementor-widget-container\">\n\t\t\t\t\t\t\t\t\t\t\t\t\t\t\t<img loading=\"lazy\" decoding=\"async\" width=\"194\" height=\"196\" src=\"https:\/\/pensionadosenlinea.com\/wp-content\/uploads\/2025\/06\/conexion.png\" class=\"attachment-large size-large wp-image-1273\" alt=\"\" \/>\t\t\t\t\t\t\t\t\t\t\t\t\t\t\t<\/div>\n\t\t\t\t<\/div>\n\t\t\t\t<div class=\"elementor-element elementor-element-7a52ec5 elementor-widget elementor-widget-heading\" data-id=\"7a52ec5\" data-element_type=\"widget\" data-widget_type=\"heading.default\">\n\t\t\t\t<div class=\"elementor-widget-container\">\n\t\t\t\t\t<h2 class=\"elementor-heading-title elementor-size-default\">Conexi\u00f3n<\/h2>\t\t\t\t<\/div>\n\t\t\t\t<\/div>\n\t\t\t\t<div class=\"elementor-element elementor-element-c2ac05c elementor-widget elementor-widget-heading\" data-id=\"c2ac05c\" data-element_type=\"widget\" data-widget_type=\"heading.default\">\n\t\t\t\t<div class=\"elementor-widget-container\">\n\t\t\t\t\t<h2 class=\"elementor-heading-title elementor-size-default\">Fomentamos v\u00ednculos humanos genuinos, redes solidarias y comunidades de origen que fortalecen el sentido de pertenencia.<\/h2>\t\t\t\t<\/div>\n\t\t\t\t<\/div>\n\t\t\t\t<\/div>\n\t\t<div class=\"elementor-element elementor-element-0996672 e-con-full e-flex e-con e-child\" data-id=\"0996672\" data-element_type=\"container\">\n\t\t\t\t<div class=\"elementor-element elementor-element-9b74212 elementor-widget elementor-widget-image\" data-id=\"9b74212\" data-element_type=\"widget\" data-widget_type=\"image.default\">\n\t\t\t\t<div class=\"elementor-widget-container\">\n\t\t\t\t\t\t\t\t\t\t\t\t\t\t\t<img loading=\"lazy\" decoding=\"async\" width=\"194\" height=\"196\" src=\"https:\/\/pensionadosenlinea.com\/wp-content\/uploads\/2025\/06\/aprendizaje-continuo.png\" class=\"attachment-large size-large wp-image-1272\" alt=\"\" \/>\t\t\t\t\t\t\t\t\t\t\t\t\t\t\t<\/div>\n\t\t\t\t<\/div>\n\t\t\t\t<div class=\"elementor-element elementor-element-f3b9e60 elementor-widget elementor-widget-heading\" data-id=\"f3b9e60\" data-element_type=\"widget\" data-widget_type=\"heading.default\">\n\t\t\t\t<div class=\"elementor-widget-container\">\n\t\t\t\t\t<h2 class=\"elementor-heading-title elementor-size-default\">Aprendizaje continuo<\/h2>\t\t\t\t<\/div>\n\t\t\t\t<\/div>\n\t\t\t\t<div class=\"elementor-element elementor-element-774eb1e elementor-widget elementor-widget-heading\" data-id=\"774eb1e\" data-element_type=\"widget\" data-widget_type=\"heading.default\">\n\t\t\t\t<div class=\"elementor-widget-container\">\n\t\t\t\t\t<h2 class=\"elementor-heading-title elementor-size-default\">Creemos en el potencial de aprender en todas las etapas de la vida y facilitamos el acceso a nuevos saberes.<\/h2>\t\t\t\t<\/div>\n\t\t\t\t<\/div>\n\t\t\t\t<\/div>\n\t\t<div class=\"elementor-element elementor-element-7023c7b e-con-full e-flex e-con e-child\" data-id=\"7023c7b\" data-element_type=\"container\">\n\t\t\t\t<\/div>\n\t\t\t\t\t<\/div>\n\t\t\t\t<\/div>\n\t\t<div class=\"elementor-element elementor-element-5f1e3e5 e-flex e-con-boxed e-con e-parent\" data-id=\"5f1e3e5\" data-element_type=\"container\">\n\t\t\t\t\t<div class=\"e-con-inner\">\n\t\t<div class=\"elementor-element elementor-element-bf7f60b e-con-full e-flex e-con e-child\" data-id=\"bf7f60b\" data-element_type=\"container\">\n\t\t\t\t<\/div>\n\t\t<div class=\"elementor-element elementor-element-c38f304 e-con-full e-flex e-con e-child\" data-id=\"c38f304\" data-element_type=\"container\">\n\t\t\t\t<div class=\"elementor-element elementor-element-5bba44a elementor-widget elementor-widget-image\" data-id=\"5bba44a\" data-element_type=\"widget\" data-widget_type=\"image.default\">\n\t\t\t\t<div class=\"elementor-widget-container\">\n\t\t\t\t\t\t\t\t\t\t\t\t\t\t\t<img loading=\"lazy\" decoding=\"async\" width=\"194\" height=\"196\" src=\"https:\/\/pensionadosenlinea.com\/wp-content\/uploads\/2025\/06\/Bienestar-integral.png\" class=\"attachment-large size-large wp-image-1289\" alt=\"\" \/>\t\t\t\t\t\t\t\t\t\t\t\t\t\t\t<\/div>\n\t\t\t\t<\/div>\n\t\t\t\t<div class=\"elementor-element elementor-element-048e0cf elementor-widget elementor-widget-heading\" data-id=\"048e0cf\" data-element_type=\"widget\" data-widget_type=\"heading.default\">\n\t\t\t\t<div class=\"elementor-widget-container\">\n\t\t\t\t\t<h2 class=\"elementor-heading-title elementor-size-default\">Bienestar integral<\/h2>\t\t\t\t<\/div>\n\t\t\t\t<\/div>\n\t\t\t\t<div class=\"elementor-element elementor-element-3b7e6ff elementor-widget elementor-widget-heading\" data-id=\"3b7e6ff\" data-element_type=\"widget\" data-widget_type=\"heading.default\">\n\t\t\t\t<div class=\"elementor-widget-container\">\n\t\t\t\t\t<h2 class=\"elementor-heading-title elementor-size-default\">Promovemos el cuidado f\u00edsico, emocional, mental y social como base para una vida activa y plena.<\/h2>\t\t\t\t<\/div>\n\t\t\t\t<\/div>\n\t\t\t\t<\/div>\n\t\t<div class=\"elementor-element elementor-element-25de1c3 e-con-full e-flex e-con e-child\" data-id=\"25de1c3\" data-element_type=\"container\">\n\t\t\t\t<div class=\"elementor-element elementor-element-fc938f1 elementor-widget elementor-widget-image\" data-id=\"fc938f1\" data-element_type=\"widget\" data-widget_type=\"image.default\">\n\t\t\t\t<div class=\"elementor-widget-container\">\n\t\t\t\t\t\t\t\t\t\t\t\t\t\t\t<img loading=\"lazy\" decoding=\"async\" width=\"194\" height=\"196\" src=\"https:\/\/pensionadosenlinea.com\/wp-content\/uploads\/2025\/06\/Participacion.png\" class=\"attachment-large size-large wp-image-1275\" alt=\"\" \/>\t\t\t\t\t\t\t\t\t\t\t\t\t\t\t<\/div>\n\t\t\t\t<\/div>\n\t\t\t\t<div class=\"elementor-element elementor-element-280b0a6 elementor-widget elementor-widget-heading\" data-id=\"280b0a6\" data-element_type=\"widget\" data-widget_type=\"heading.default\">\n\t\t\t\t<div class=\"elementor-widget-container\">\n\t\t\t\t\t<h2 class=\"elementor-heading-title elementor-size-default\">Participaci\u00f3n<\/h2>\t\t\t\t<\/div>\n\t\t\t\t<\/div>\n\t\t\t\t<div class=\"elementor-element elementor-element-ded749a elementor-widget elementor-widget-heading\" data-id=\"ded749a\" data-element_type=\"widget\" data-widget_type=\"heading.default\">\n\t\t\t\t<div class=\"elementor-widget-container\">\n\t\t\t\t\t<h2 class=\"elementor-heading-title elementor-size-default\">Impulsamos espacios para que los pensionados sean protagonistas: ense\u00f1en, compartan, emprendan y lideren iniciativas propias.<\/h2>\t\t\t\t<\/div>\n\t\t\t\t<\/div>\n\t\t\t\t<\/div>\n\t\t<div class=\"elementor-element elementor-element-8925daf e-con-full e-flex e-con e-child\" data-id=\"8925daf\" data-element_type=\"container\">\n\t\t\t\t<div class=\"elementor-element elementor-element-7f56034 elementor-widget elementor-widget-image\" data-id=\"7f56034\" data-element_type=\"widget\" data-widget_type=\"image.default\">\n\t\t\t\t<div class=\"elementor-widget-container\">\n\t\t\t\t\t\t\t\t\t\t\t\t\t\t\t<img loading=\"lazy\" decoding=\"async\" width=\"194\" height=\"196\" src=\"https:\/\/pensionadosenlinea.com\/wp-content\/uploads\/2025\/06\/Inclusion-digital.png\" class=\"attachment-large size-large wp-image-1274\" alt=\"\" \/>\t\t\t\t\t\t\t\t\t\t\t\t\t\t\t<\/div>\n\t\t\t\t<\/div>\n\t\t\t\t<div class=\"elementor-element elementor-element-5c72981 elementor-widget elementor-widget-heading\" data-id=\"5c72981\" data-element_type=\"widget\" data-widget_type=\"heading.default\">\n\t\t\t\t<div class=\"elementor-widget-container\">\n\t\t\t\t\t<h2 class=\"elementor-heading-title elementor-size-default\">Inclusi\u00f3n digital<\/h2>\t\t\t\t<\/div>\n\t\t\t\t<\/div>\n\t\t\t\t<div class=\"elementor-element elementor-element-8d0eacb elementor-widget elementor-widget-heading\" data-id=\"8d0eacb\" data-element_type=\"widget\" data-widget_type=\"heading.default\">\n\t\t\t\t<div class=\"elementor-widget-container\">\n\t\t\t\t\t<h2 class=\"elementor-heading-title elementor-size-default\">Trabajamos para cerrar brechas tecnol\u00f3gicas y brindar herramientas que permitan participar plenamente en el entorno digital.<\/h2>\t\t\t\t<\/div>\n\t\t\t\t<\/div>\n\t\t\t\t<\/div>\n\t\t<div class=\"elementor-element elementor-element-6452e36 e-con-full e-flex e-con e-child\" data-id=\"6452e36\" data-element_type=\"container\">\n\t\t\t\t<\/div>\n\t\t\t\t\t<\/div>\n\t\t\t\t<\/div>\n\t\t\t\t<\/div>\n\t\t","protected":false},"excerpt":{"rendered":"<p>Nuestra misi\u00f3n Pensionados en l\u00ednea es un espacio de encuentro digital dise\u00f1ado para acompa\u00f1ar y servir a los adultos mayores, [&hellip;]<\/p>\n","protected":false},"author":1,"featured_media":0,"parent":0,"menu_order":0,"comment_status":"closed","ping_status":"closed","template":"","meta":{"site-sidebar-layout":"no-sidebar","site-content-layout":"","ast-site-content-layout":"full-width-container","site-content-style":"default","site-sidebar-style":"default","ast-global-header-display":"","ast-banner-title-visibility":"","ast-main-header-display":"","ast-hfb-above-header-display":"","ast-hfb-below-header-display":"","ast-hfb-mobile-header-display":"","site-post-title":"disabled","ast-breadcrumbs-content":"","ast-featured-img":"disabled","footer-sml-layout":"","theme-transparent-header-meta":"","adv-header-id-meta":"","stick-header-meta":"","header-above-stick-meta":"","header-main-stick-meta":"","header-below-stick-meta":"","astra-migrate-meta-layouts":"default","ast-page-background-enabled":"default","ast-page-background-meta":{"desktop":{"background-color":"var(--ast-global-color-5)","background-image":"","background-repeat":"repeat","background-position":"center center","background-size":"auto","background-attachment":"scroll","background-type":"","background-media":"","overlay-type":"","overlay-color":"","overlay-opacity":"","overlay-gradient":""},"tablet":{"background-color":"","background-image":"","background-repeat":"repeat","background-position":"center center","background-size":"auto","background-attachment":"scroll","background-type":"","background-media":"","overlay-type":"","overlay-color":"","overlay-opacity":"","overlay-gradient":""},"mobile":{"background-color":"","background-image":"","background-repeat":"repeat","background-position":"center center","background-size":"auto","background-attachment":"scroll","background-type":"","background-media":"","overlay-type":"","overlay-color":"","overlay-opacity":"","overlay-gradient":""}},"ast-content-background-meta":{"desktop":{"background-color":"var(--ast-global-color-4)","background-image":"","background-repeat":"repeat","background-position":"center center","background-size":"auto","background-attachment":"scroll","background-type":"","background-media":"","overlay-type":"","overlay-color":"","overlay-opacity":"","overlay-gradient":""},"tablet":{"background-color":"var(--ast-global-color-4)","background-image":"","background-repeat":"repeat","background-position":"center center","background-size":"auto","background-attachment":"scroll","background-type":"","background-media":"","overlay-type":"","overlay-color":"","overlay-opacity":"","overlay-gradient":""},"mobile":{"background-color":"var(--ast-global-color-4)","background-image":"","background-repeat":"repeat","background-position":"center center","background-size":"auto","background-attachment":"scroll","background-type":"","background-media":"","overlay-type":"","overlay-color":"","overlay-opacity":"","overlay-gradient":""}},"footnotes":""},"class_list":["post-1182","page","type-page","status-publish","hentry"],"_links":{"self":[{"href":"https:\/\/pensionadosenlinea.com\/index.php?rest_route=\/wp\/v2\/pages\/1182","targetHints":{"allow":["GET"]}}],"collection":[{"href":"https:\/\/pensionadosenlinea.com\/index.php?rest_route=\/wp\/v2\/pages"}],"about":[{"href":"https:\/\/pensionadosenlinea.com\/index.php?rest_route=\/wp\/v2\/types\/page"}],"author":[{"embeddable":true,"href":"https:\/\/pensionadosenlinea.com\/index.php?rest_route=\/wp\/v2\/users\/1"}],"replies":[{"embeddable":true,"href":"https:\/\/pensionadosenlinea.com\/index.php?rest_route=%2Fwp%2Fv2%2Fcomments&post=1182"}],"version-history":[{"count":230,"href":"https:\/\/pensionadosenlinea.com\/index.php?rest_route=\/wp\/v2\/pages\/1182\/revisions"}],"predecessor-version":[{"id":1952,"href":"https:\/\/pensionadosenlinea.com\/index.php?rest_route=\/wp\/v2\/pages\/1182\/revisions\/1952"}],"wp:attachment":[{"href":"https:\/\/pensionadosenlinea.com\/index.php?rest_route=%2Fwp%2Fv2%2Fmedia&parent=1182"}],"curies":[{"name":"wp","href":"https:\/\/api.w.org\/{rel}","templated":true}]}}